{"id":116,"date":"2026-02-04T00:10:16","date_gmt":"2026-02-04T00:10:16","guid":{"rendered":"https:\/\/espoonivpuhdistus.fi\/?page_id=116"},"modified":"2026-02-10T07:25:49","modified_gmt":"2026-02-10T07:25:49","slug":"rasvakanavien-puhdistus","status":"publish","type":"page","link":"https:\/\/espoonivpuhdistus.fi\/en\/rasvakanavien-puhdistus\/","title":{"rendered":"Rasvakanavien puhdistus"},"content":{"rendered":"<div class=\"wp-block-cover alignfull\" style=\"min-height:430px;aspect-ratio:unset;\"><img loading=\"lazy\" decoding=\"async\" width=\"2560\" height=\"1280\" class=\"wp-block-cover__image-background wp-image-401 size-full\" alt=\"\" src=\"https:\/\/espoonivpuhdistus.fi\/wp-content\/uploads\/2026\/02\/espooniv_005-scaled-e1770705638282.jpg\" style=\"object-position:50% 70%\" data-object-fit=\"cover\" data-object-position=\"50% 70%\" srcset=\"https:\/\/espoonivpuhdistus.fi\/wp-content\/uploads\/2026\/02\/espooniv_005-scaled-e1770705638282.jpg 2560w, https:\/\/espoonivpuhdistus.fi\/wp-content\/uploads\/2026\/02\/espooniv_005-scaled-e1770705638282-300x150.jpg 300w, https:\/\/espoonivpuhdistus.fi\/wp-content\/uploads\/2026\/02\/espooniv_005-scaled-e1770705638282-1024x512.jpg 1024w, https:\/\/espoonivpuhdistus.fi\/wp-content\/uploads\/2026\/02\/espooniv_005-scaled-e1770705638282-768x384.jpg 768w, https:\/\/espoonivpuhdistus.fi\/wp-content\/uploads\/2026\/02\/espooniv_005-scaled-e1770705638282-1536x768.jpg 1536w, https:\/\/espoonivpuhdistus.fi\/wp-content\/uploads\/2026\/02\/espooniv_005-scaled-e1770705638282-2048x1024.jpg 2048w, https:\/\/espoonivpuhdistus.fi\/wp-content\/uploads\/2026\/02\/espooniv_005-scaled-e1770705638282-18x9.jpg 18w\" sizes=\"auto, (max-width: 2560px) 100vw, 2560px\" \/><span aria-hidden=\"true\" class=\"wp-block-cover__background has-background-dim-90 has-background-dim\" style=\"background-color:#101721\"><\/span><div class=\"wp-block-cover__inner-container is-layout-flow wp-block-cover-is-layout-flow\">\n<div class=\"wp-block-columns is-layout-flex wp-container-core-columns-is-layout-28f84493 wp-block-columns-is-layout-flex\">\n<div class=\"wp-block-column is-vertically-aligned-center is-layout-flow wp-block-column-is-layout-flow\" style=\"flex-basis:40%\">\n<figure class=\"wp-block-image alignright size-large is-resized is-style-ext-preset--image--natural-1--image-1--content-any is-style-ext-preset--image--natural-1--image-1--content-any--1\"><img loading=\"lazy\" decoding=\"async\" width=\"768\" height=\"1024\" src=\"https:\/\/espoonivpuhdistus.fi\/wp-content\/uploads\/2026\/02\/espooniv__002-768x1024.jpg\" alt=\"\" class=\"wp-image-343\" style=\"aspect-ratio:1;object-fit:cover;width:368px\" srcset=\"https:\/\/espoonivpuhdistus.fi\/wp-content\/uploads\/2026\/02\/espooniv__002-768x1024.jpg 768w, https:\/\/espoonivpuhdistus.fi\/wp-content\/uploads\/2026\/02\/espooniv__002-225x300.jpg 225w, https:\/\/espoonivpuhdistus.fi\/wp-content\/uploads\/2026\/02\/espooniv__002-1152x1536.jpg 1152w, https:\/\/espoonivpuhdistus.fi\/wp-content\/uploads\/2026\/02\/espooniv__002-1536x2048.jpg 1536w, https:\/\/espoonivpuhdistus.fi\/wp-content\/uploads\/2026\/02\/espooniv__002-9x12.jpg 9w, https:\/\/espoonivpuhdistus.fi\/wp-content\/uploads\/2026\/02\/espooniv__002-scaled.jpg 1920w\" sizes=\"auto, (max-width: 768px) 100vw, 768px\" \/><\/figure>\n<\/div>\n\n\n\n<div class=\"wp-block-column is-vertically-aligned-center is-layout-flow wp-block-column-is-layout-flow\" style=\"flex-basis:60%\">\n<div class=\"wp-block-group has-global-padding is-content-justification-left is-layout-constrained wp-container-core-group-is-layout-20186816 wp-block-group-is-layout-constrained\">\n<h4 class=\"wp-block-heading alignwide has-text-align-left\">Rasvakanavien puhdistus ravintoloille ja<br>ammattikeitti\u00f6ille<\/h4>\n\n\n\n<p class=\"has-text-align-left\">Ravintoloiden ja ammattikeitti\u00f6iden rasvakanavien puhdistus on lakis\u00e4\u00e4teinen<br>paloturvallisuustoimenpide.<br>Ilmanvaihtokanaviin ja -laitteisiin kertyv\u00e4 rasva lis\u00e4\u00e4 merkitt\u00e4v\u00e4sti tulipaloriski\u00e4.<\/p>\n\n\n\n<p class=\"has-text-align-left\">Pelastusviranomainen voi yksitt\u00e4isess\u00e4 kohteessa m\u00e4\u00e4r\u00e4t\u00e4 ilmanvaihtolaitteiston puhdistamisesta pelastustoimilain nojalla.<\/p>\n<\/div>\n<\/div>\n<\/div>\n<\/div><\/div>\n\n\n\n<div class=\"wp-block-columns is-layout-flex wp-container-core-columns-is-layout-28f84493 wp-block-columns-is-layout-flex\">\n<div class=\"wp-block-column is-vertically-aligned-center is-layout-flow wp-block-column-is-layout-flow\">\n<h4 class=\"wp-block-heading has-text-align-center\">Vuosittainen puhdistusvelvoite<\/h4>\n\n\n\n<p class=\"has-text-align-center\">Ammattimaisissa ruuanvalmistuspaikoissa ilmanvaihtokanavat ja -laitteistot tulee puhdistaa <strong>v\u00e4hint\u00e4\u00e4n kerran vuodessa.<\/strong><br>S\u00e4\u00e4nn\u00f6llinen puhdistus on osa ravintolan turvallista ja m\u00e4\u00e4r\u00e4ysten mukaista toimintaa.<\/p>\n<\/div>\n<\/div>\n\n\n\n<div class=\"wp-block-cover alignfull is-light\"><img loading=\"lazy\" decoding=\"async\" width=\"1024\" height=\"512\" class=\"wp-block-cover__image-background wp-image-304 size-full\" alt=\"\" src=\"https:\/\/espoonivpuhdistus.fi\/wp-content\/uploads\/2026\/02\/bg-color_1.png\" data-object-fit=\"cover\" srcset=\"https:\/\/espoonivpuhdistus.fi\/wp-content\/uploads\/2026\/02\/bg-color_1.png 1024w, https:\/\/espoonivpuhdistus.fi\/wp-content\/uploads\/2026\/02\/bg-color_1-300x150.png 300w, https:\/\/espoonivpuhdistus.fi\/wp-content\/uploads\/2026\/02\/bg-color_1-768x384.png 768w, https:\/\/espoonivpuhdistus.fi\/wp-content\/uploads\/2026\/02\/bg-color_1-18x9.png 18w\" sizes=\"auto, (max-width: 1024px) 100vw, 1024px\" \/><span aria-hidden=\"true\" class=\"wp-block-cover__background has-background-dim\" style=\"background-color:#e4f2fb\"><\/span><div class=\"wp-block-cover__inner-container is-layout-flow wp-block-cover-is-layout-flow\">\n<div class=\"wp-block-group has-global-padding is-layout-constrained wp-block-group-is-layout-constrained\">\n<div class=\"wp-block-columns is-layout-flex wp-container-core-columns-is-layout-28f84493 wp-block-columns-is-layout-flex\">\n<div class=\"wp-block-column is-layout-flow wp-block-column-is-layout-flow\">\n<h4 class=\"wp-block-heading has-text-align-center\">Mit\u00e4 rasvakanavien puhdistus sis\u00e4lt\u00e4\u00e4?<\/h4>\n\n\n\n<p class=\"has-text-align-center\"><strong>Palvelumme ravintoloille voi sis\u00e4lt\u00e4\u00e4:<\/strong><\/p>\n\n\n\n<div class=\"wp-block-group is-vertical is-content-justification-center is-layout-flex wp-container-core-group-is-layout-ce155fab wp-block-group-is-layout-flex\">\n<div class=\"wp-block-group is-vertical is-content-justification-center is-layout-flex wp-container-core-group-is-layout-ce155fab wp-block-group-is-layout-flex\">\n<ul class=\"wp-block-list\">\n<li>Rasvakanavien puhdistukset<\/li>\n\n\n\n<li>IV-koneiden puhdistukset<\/li>\n\n\n\n<li>Suodattimien puhdistukset<\/li>\n\n\n\n<li>Huuvien puhdistukset<\/li>\n\n\n\n<li><strong>Puhdistusp\u00f6yt\u00e4kirjan paloviranomaisia varten<\/strong><\/li>\n<\/ul>\n<\/div>\n\n\n\n<p class=\"has-text-align-center\">Ty\u00f6 tehd\u00e4\u00e4n huolellisesti ja mahdollisimman h\u00e4iri\u00f6tt\u00f6m\u00e4sti ravintolan toimintaa kunnioittaen.<\/p>\n<\/div>\n<\/div>\n<\/div>\n<\/div>\n<\/div><\/div>\n\n\n\n<div class=\"wp-block-group alignfull is-style-ext-preset--group--natural-1--section has-background-background-color has-background has-global-padding is-layout-constrained wp-block-group-is-layout-constrained\" style=\"margin-top:0;margin-bottom:0;padding-top:var(--wp--preset--spacing--50);padding-bottom:var(--wp--preset--spacing--70)\">\n<div class=\"wp-block-columns is-layout-flex wp-container-core-columns-is-layout-28f84493 wp-block-columns-is-layout-flex\">\n<div class=\"wp-block-column is-layout-flow wp-block-column-is-layout-flow\">\n<div class=\"wp-block-group has-global-padding is-layout-constrained wp-block-group-is-layout-constrained\">\n<h4 class=\"wp-block-heading has-text-align-center\">Vuosisopimus rasvakanavien puhdistukselle<\/h4>\n<\/div>\n\n\n\n<p class=\"has-text-align-center\">Tarjoamme ravintoloille ja ammattikeitti\u00f6ille mahdollisuuden vuosittaiseen rasvakanavien puhdistukseen sopimuksella.<\/p>\n\n\n\n<p class=\"has-text-align-center\"><strong>Vuosisopimus:<\/strong><\/p>\n\n\n\n<div class=\"wp-block-group is-vertical is-content-justification-center is-layout-flex wp-container-core-group-is-layout-ce155fab wp-block-group-is-layout-flex\">\n<ul class=\"wp-block-list\">\n<li>Varmistaa m\u00e4\u00e4r\u00e4ysten t\u00e4yttymisen<\/li>\n\n\n\n<li>Parantaa paloturvallisuutta<\/li>\n\n\n\n<li>Helpottaa ravintolan arkea<\/li>\n\n\n\n<li>Tuo ennakoitavuutta<\/li>\n<\/ul>\n<\/div>\n\n\n\n<p class=\"has-text-align-center\">Vuosisopimus sopii erityisesti ravintoloille ja ammattikeitti\u00f6ille, joissa rasvakanavien puhdistus on s\u00e4\u00e4nn\u00f6llinen ja lakis\u00e4\u00e4teinen velvoite.<\/p>\n<\/div>\n<\/div>\n\n\n\n<div class=\"wp-block-columns is-layout-flex wp-container-core-columns-is-layout-28f84493 wp-block-columns-is-layout-flex\">\n<div class=\"wp-block-column is-layout-flow wp-block-column-is-layout-flow\">\n<p class=\"has-text-align-center\"><strong>Pyyd\u00e4 meid\u00e4t paikan p\u00e4\u00e4lle kartoittamaan tarpeenne<\/strong><\/p>\n\n\n\n<p class=\"has-text-align-center\">Kohdekohtainen kartoitus auttaa m\u00e4\u00e4ritt\u00e4m\u00e4\u00e4n oikean puhdistusv\u00e4lin ja tarvittavat toimenpiteet.<\/p>\n\n\n\n<div class=\"wp-block-buttons is-content-justification-center is-layout-flex wp-container-core-buttons-is-layout-a89b3969 wp-block-buttons-is-layout-flex\">\n<div class=\"wp-block-button\"><a class=\"wp-block-button__link has-background has-text-align-center wp-element-button\" href=\"https:\/\/espoonivpuhdistus.fi\/en\/tarjouspyynto\/\" style=\"background-color:#ac2b48\"><strong>Pyyd\u00e4 tarjous<\/strong><\/a><\/div>\n<\/div>\n<\/div>\n<\/div>\n<\/div>","protected":false},"excerpt":{"rendered":"<p>Vuosittainen puhdistusvelvoite Ammattimaisissa ruuanvalmistuspaikoissa ilmanvaihtokanavat ja -laitteistot tulee puhdistaa v\u00e4hint\u00e4\u00e4n kerran vuodessa.S\u00e4\u00e4nn\u00f6llinen puhdistus on osa ravintolan turvallista ja m\u00e4\u00e4r\u00e4ysten mukaista toimintaa. Vuosisopimus rasvakanavien puhdistukselle Tarjoamme ravintoloille ja ammattikeitti\u00f6ille mahdollisuuden vuosittaiseen rasvakanavien puhdistukseen sopimuksella. Vuosisopimus: Vuosisopimus sopii erityisesti ravintoloille ja ammattikeitti\u00f6ille, joissa rasvakanavien puhdistus on s\u00e4\u00e4nn\u00f6llinen ja lakis\u00e4\u00e4teinen velvoite. Pyyd\u00e4 meid\u00e4t paikan p\u00e4\u00e4lle kartoittamaan tarpeenne Kohdekohtainen [&hellip;]<\/p>\n","protected":false},"author":1,"featured_media":0,"parent":0,"menu_order":0,"comment_status":"closed","ping_status":"closed","template":"no-title","meta":{"om_disable_all_campaigns":false,"_monsterinsights_skip_tracking":false,"_monsterinsights_sitenote_active":false,"_monsterinsights_sitenote_note":"","_monsterinsights_sitenote_category":0,"footnotes":""},"class_list":["post-116","page","type-page","status-publish","hentry"],"aioseo_notices":[],"_links":{"self":[{"href":"https:\/\/espoonivpuhdistus.fi\/en\/wp-json\/wp\/v2\/pages\/116","targetHints":{"allow":["GET"]}}],"collection":[{"href":"https:\/\/espoonivpuhdistus.fi\/en\/wp-json\/wp\/v2\/pages"}],"about":[{"href":"https:\/\/espoonivpuhdistus.fi\/en\/wp-json\/wp\/v2\/types\/page"}],"author":[{"embeddable":true,"href":"https:\/\/espoonivpuhdistus.fi\/en\/wp-json\/wp\/v2\/users\/1"}],"replies":[{"embeddable":true,"href":"https:\/\/espoonivpuhdistus.fi\/en\/wp-json\/wp\/v2\/comments?post=116"}],"version-history":[{"count":42,"href":"https:\/\/espoonivpuhdistus.fi\/en\/wp-json\/wp\/v2\/pages\/116\/revisions"}],"predecessor-version":[{"id":441,"href":"https:\/\/espoonivpuhdistus.fi\/en\/wp-json\/wp\/v2\/pages\/116\/revisions\/441"}],"wp:attachment":[{"href":"https:\/\/espoonivpuhdistus.fi\/en\/wp-json\/wp\/v2\/media?parent=116"}],"curies":[{"name":"wp","href":"https:\/\/api.w.org\/{rel}","templated":true}]}}