{"id":133,"date":"2026-02-05T15:57:41","date_gmt":"2026-02-05T15:57:41","guid":{"rendered":"https:\/\/espoonivpuhdistus.fi\/?page_id=133"},"modified":"2026-02-08T02:09:31","modified_gmt":"2026-02-08T02:09:31","slug":"rasvakanavien-vuosisopimus","status":"publish","type":"page","link":"https:\/\/espoonivpuhdistus.fi\/en\/rasvakanavien-vuosisopimus\/","title":{"rendered":"Rasvakanavien vuosisopimus"},"content":{"rendered":"<div class=\"wp-block-cover alignfull is-light\"><img loading=\"lazy\" decoding=\"async\" width=\"1024\" height=\"512\" class=\"wp-block-cover__image-background wp-image-304 size-full\" alt=\"\" src=\"https:\/\/espoonivpuhdistus.fi\/wp-content\/uploads\/2026\/02\/bg-color_1.png\" data-object-fit=\"cover\" srcset=\"https:\/\/espoonivpuhdistus.fi\/wp-content\/uploads\/2026\/02\/bg-color_1.png 1024w, https:\/\/espoonivpuhdistus.fi\/wp-content\/uploads\/2026\/02\/bg-color_1-300x150.png 300w, https:\/\/espoonivpuhdistus.fi\/wp-content\/uploads\/2026\/02\/bg-color_1-768x384.png 768w, https:\/\/espoonivpuhdistus.fi\/wp-content\/uploads\/2026\/02\/bg-color_1-18x9.png 18w\" sizes=\"auto, (max-width: 1024px) 100vw, 1024px\" \/><span aria-hidden=\"true\" class=\"wp-block-cover__background has-background-dim\" style=\"background-color:#e4f2fb\"><\/span><div class=\"wp-block-cover__inner-container is-layout-flow wp-block-cover-is-layout-flow\">\n<div class=\"wp-block-group has-global-padding is-layout-constrained wp-block-group-is-layout-constrained\">\n<h4 class=\"wp-block-heading has-text-align-center\">Rasvakanavien vuosisopimus ravintoloille ja ammattikeitti\u00f6ille<\/h4>\n\n\n\n<p class=\"has-text-align-center\">Ravintoloiden ja ammattikeitti\u00f6iden rasvakanavien puhdistus on <strong>lakis\u00e4\u00e4teinen<br>paloturvallisuustoimenpide.<\/strong><br>Vuosisopimus varmistaa, ett\u00e4 rasvakanavat ja niihin liittyv\u00e4t laitteistot tulevat puhdistetuiksi <strong>oikeaan aikaan ja m\u00e4\u00e4r\u00e4ysten mukaisesti<\/strong>, ilman ett\u00e4 asiaa tarvitsee muistaa erikseen.<\/p>\n\n\n\n<p class=\"has-text-align-center\">Vuosisopimus tuo ravintolalle mielenrauhaa ja helpottaa arjen py\u00f6ritt\u00e4mist\u00e4.<\/p>\n<\/div>\n<\/div><\/div>\n\n\n\n<div class=\"wp-block-columns is-layout-flex wp-container-core-columns-is-layout-28f84493 wp-block-columns-is-layout-flex\">\n<div class=\"wp-block-column is-layout-flow wp-block-column-is-layout-flow\">\n<h4 class=\"wp-block-heading has-text-align-center\">Pyyd\u00e4 tarjous rasvakanavien vuosisopimuksesta<\/h4>\n\n\n\n<p class=\"has-text-align-center\">Pyyd\u00e4 meid\u00e4t paikan p\u00e4\u00e4lle tai j\u00e4t\u00e4 tarjouspyynt\u00f6.<\/p>\n\n\n\n<div class=\"wp-block-buttons is-content-justification-center is-layout-flex wp-container-core-buttons-is-layout-a89b3969 wp-block-buttons-is-layout-flex\">\n<div class=\"wp-block-button\"><a class=\"wp-block-button__link has-background wp-element-button\" href=\"https:\/\/espoonivpuhdistus.fi\/en\/tarjouspyynto\/\" style=\"background-color:#ac2b48\"><strong>Pyyd\u00e4 tarjous<\/strong><\/a><\/div>\n<\/div>\n<\/div>\n<\/div>\n\n\n\n<div class=\"wp-block-columns is-layout-flex wp-container-core-columns-is-layout-28f84493 wp-block-columns-is-layout-flex\">\n<div class=\"wp-block-column is-layout-flow wp-block-column-is-layout-flow\">\n<h4 class=\"wp-block-heading has-text-align-center\">Mit\u00e4 rasvakanavien vuosisopimus sis\u00e4lt\u00e4\u00e4?<\/h4>\n\n\n\n<p class=\"has-text-align-center\">Rasvakanavien vuosittainen puhdistus voi sis\u00e4lt\u00e4\u00e4:<\/p>\n\n\n\n<div class=\"wp-block-group is-vertical is-content-justification-center is-layout-flex wp-container-core-group-is-layout-ce155fab wp-block-group-is-layout-flex\">\n<ul class=\"wp-block-list\">\n<li>Rasvakanavien puhdistuksen<\/li>\n\n\n\n<li>Huuvien puhdistuksen<\/li>\n\n\n\n<li>Suodattimien puhdistuksen tarvittaessa<\/li>\n\n\n\n<li>IV-koneen puhdistuksen<\/li>\n\n\n\n<li><strong>Puhdistusp\u00f6yt\u00e4kirjan paloviranomaisia varten<\/strong><\/li>\n<\/ul>\n<\/div>\n\n\n\n<p class=\"has-text-align-center\">Puhdistus toteutetaan huolellisesti ja mahdollisimman h\u00e4iri\u00f6tt\u00f6m\u00e4sti ravintolan toimintaa kunnioittaen.<\/p>\n<\/div>\n<\/div>\n\n\n\n<div class=\"wp-block-cover alignfull is-light\"><img loading=\"lazy\" decoding=\"async\" width=\"1024\" height=\"512\" class=\"wp-block-cover__image-background wp-image-304 size-full\" alt=\"\" src=\"https:\/\/espoonivpuhdistus.fi\/wp-content\/uploads\/2026\/02\/bg-color_1.png\" data-object-fit=\"cover\" srcset=\"https:\/\/espoonivpuhdistus.fi\/wp-content\/uploads\/2026\/02\/bg-color_1.png 1024w, https:\/\/espoonivpuhdistus.fi\/wp-content\/uploads\/2026\/02\/bg-color_1-300x150.png 300w, https:\/\/espoonivpuhdistus.fi\/wp-content\/uploads\/2026\/02\/bg-color_1-768x384.png 768w, https:\/\/espoonivpuhdistus.fi\/wp-content\/uploads\/2026\/02\/bg-color_1-18x9.png 18w\" sizes=\"auto, (max-width: 1024px) 100vw, 1024px\" \/><span aria-hidden=\"true\" class=\"wp-block-cover__background has-background-dim\" style=\"background-color:#e4f2fb\"><\/span><div class=\"wp-block-cover__inner-container is-layout-flow wp-block-cover-is-layout-flow\">\n<div class=\"wp-block-group has-global-padding is-layout-constrained wp-block-group-is-layout-constrained\">\n<h4 class=\"wp-block-heading has-text-align-center\">Miksi vuosisopimus kannattaa?<\/h4>\n\n\n\n<div class=\"wp-block-group is-vertical is-content-justification-center is-layout-flex wp-container-core-group-is-layout-ce155fab wp-block-group-is-layout-flex\">\n<ul class=\"wp-block-list\">\n<li>Varmistaa viranomaisvaatimusten t\u00e4yttymisen<\/li>\n\n\n\n<li>Parantaa paloturvallisuutta<\/li>\n\n\n\n<li>V\u00e4hent\u00e4\u00e4 tulipaloriski\u00e4<\/li>\n\n\n\n<li>Helpottaa ravintolan arkea<\/li>\n\n\n\n<li>Tuo ennakoitavuutta ja selkeytt\u00e4<\/li>\n<\/ul>\n<\/div>\n\n\n\n<p class=\"has-text-align-center\">Sopimus sopii niin <strong>pienille pizzerioille<\/strong> kuin <strong>suurille ammattikeitti\u00f6ille<\/strong>.<\/p>\n<\/div>\n<\/div><\/div>\n\n\n\n<div style=\"height:100px\" aria-hidden=\"true\" class=\"wp-block-spacer\"><\/div>","protected":false},"excerpt":{"rendered":"<p>Pyyd\u00e4 tarjous rasvakanavien vuosisopimuksesta Pyyd\u00e4 meid\u00e4t paikan p\u00e4\u00e4lle tai j\u00e4t\u00e4 tarjouspyynt\u00f6. Mit\u00e4 rasvakanavien vuosisopimus sis\u00e4lt\u00e4\u00e4? Rasvakanavien vuosittainen puhdistus voi sis\u00e4lt\u00e4\u00e4: Puhdistus toteutetaan huolellisesti ja mahdollisimman h\u00e4iri\u00f6tt\u00f6m\u00e4sti ravintolan toimintaa kunnioittaen.<\/p>","protected":false},"author":1,"featured_media":0,"parent":0,"menu_order":0,"comment_status":"closed","ping_status":"closed","template":"no-title","meta":{"om_disable_all_campaigns":false,"_monsterinsights_skip_tracking":false,"_monsterinsights_sitenote_active":false,"_monsterinsights_sitenote_note":"","_monsterinsights_sitenote_category":0,"footnotes":""},"class_list":["post-133","page","type-page","status-publish","hentry"],"aioseo_notices":[],"_links":{"self":[{"href":"https:\/\/espoonivpuhdistus.fi\/en\/wp-json\/wp\/v2\/pages\/133","targetHints":{"allow":["GET"]}}],"collection":[{"href":"https:\/\/espoonivpuhdistus.fi\/en\/wp-json\/wp\/v2\/pages"}],"about":[{"href":"https:\/\/espoonivpuhdistus.fi\/en\/wp-json\/wp\/v2\/types\/page"}],"author":[{"embeddable":true,"href":"https:\/\/espoonivpuhdistus.fi\/en\/wp-json\/wp\/v2\/users\/1"}],"replies":[{"embeddable":true,"href":"https:\/\/espoonivpuhdistus.fi\/en\/wp-json\/wp\/v2\/comments?post=133"}],"version-history":[{"count":7,"href":"https:\/\/espoonivpuhdistus.fi\/en\/wp-json\/wp\/v2\/pages\/133\/revisions"}],"predecessor-version":[{"id":311,"href":"https:\/\/espoonivpuhdistus.fi\/en\/wp-json\/wp\/v2\/pages\/133\/revisions\/311"}],"wp:attachment":[{"href":"https:\/\/espoonivpuhdistus.fi\/en\/wp-json\/wp\/v2\/media?parent=133"}],"curies":[{"name":"wp","href":"https:\/\/api.w.org\/{rel}","templated":true}]}}