{"id":136,"date":"2026-02-05T16:59:37","date_gmt":"2026-02-05T16:59:37","guid":{"rendered":"https:\/\/espoonivpuhdistus.fi\/?page_id=136"},"modified":"2026-02-10T07:17:58","modified_gmt":"2026-02-10T07:17:58","slug":"ilmanvaihtokanavien-puhdistus","status":"publish","type":"page","link":"https:\/\/espoonivpuhdistus.fi\/en\/ilmanvaihtokanavien-puhdistus\/","title":{"rendered":"Ilmanvaihtokanavien puhdistus"},"content":{"rendered":"<div class=\"wp-block-cover alignfull\"><img loading=\"lazy\" decoding=\"async\" width=\"1024\" height=\"1024\" class=\"wp-block-cover__image-background wp-image-398 size-full\" alt=\"\" src=\"https:\/\/espoonivpuhdistus.fi\/wp-content\/uploads\/2026\/02\/unnamed-e1770705267906.png\" style=\"object-position:50% 20%\" data-object-fit=\"cover\" data-object-position=\"50% 20%\" srcset=\"https:\/\/espoonivpuhdistus.fi\/wp-content\/uploads\/2026\/02\/unnamed-e1770705267906.png 1024w, https:\/\/espoonivpuhdistus.fi\/wp-content\/uploads\/2026\/02\/unnamed-e1770705267906-300x300.png 300w, https:\/\/espoonivpuhdistus.fi\/wp-content\/uploads\/2026\/02\/unnamed-e1770705267906-150x150.png 150w, https:\/\/espoonivpuhdistus.fi\/wp-content\/uploads\/2026\/02\/unnamed-e1770705267906-768x768.png 768w, https:\/\/espoonivpuhdistus.fi\/wp-content\/uploads\/2026\/02\/unnamed-e1770705267906-12x12.png 12w\" sizes=\"auto, (max-width: 1024px) 100vw, 1024px\" \/><span aria-hidden=\"true\" class=\"wp-block-cover__background has-background-dim-90 has-background-dim\" style=\"background-color:#101721\"><\/span><div class=\"wp-block-cover__inner-container is-layout-flow wp-block-cover-is-layout-flow\">\n<div class=\"wp-block-columns is-layout-flex wp-container-core-columns-is-layout-28f84493 wp-block-columns-is-layout-flex\">\n<div class=\"wp-block-column is-vertically-aligned-center has-global-padding is-content-justification-center is-layout-constrained wp-block-column-is-layout-constrained\" style=\"flex-basis:40%\">\n<figure class=\"wp-block-image alignright size-large is-resized has-custom-border is-style-ext-preset--image--natural-1--image-1--content-left is-style-ext-preset--image--natural-1--image-1--content-left--1\" style=\"margin-top:0;margin-bottom:0\"><img loading=\"lazy\" decoding=\"async\" width=\"768\" height=\"1024\" src=\"https:\/\/espoonivpuhdistus.fi\/wp-content\/uploads\/2026\/02\/ivpuhdistus-1-768x1024.jpg\" alt=\"\" class=\"wp-image-249\" style=\"border-style:none;border-width:0px;border-top-left-radius:20px;border-top-right-radius:20px;border-bottom-left-radius:20px;border-bottom-right-radius:20px;aspect-ratio:1;object-fit:cover;width:368px\" srcset=\"https:\/\/espoonivpuhdistus.fi\/wp-content\/uploads\/2026\/02\/ivpuhdistus-1-768x1024.jpg 768w, https:\/\/espoonivpuhdistus.fi\/wp-content\/uploads\/2026\/02\/ivpuhdistus-1-225x300.jpg 225w, https:\/\/espoonivpuhdistus.fi\/wp-content\/uploads\/2026\/02\/ivpuhdistus-1-1152x1536.jpg 1152w, https:\/\/espoonivpuhdistus.fi\/wp-content\/uploads\/2026\/02\/ivpuhdistus-1-9x12.jpg 9w, https:\/\/espoonivpuhdistus.fi\/wp-content\/uploads\/2026\/02\/ivpuhdistus-1.jpg 1512w\" sizes=\"auto, (max-width: 768px) 100vw, 768px\" \/><\/figure>\n<\/div>\n\n\n\n<div class=\"wp-block-column is-vertically-aligned-center has-global-padding is-content-justification-left is-layout-constrained wp-container-core-column-is-layout-12dd3699 wp-block-column-is-layout-constrained\" style=\"flex-basis:60%\">\n<h4 class=\"wp-block-heading has-text-align-left\">Ilmanvaihtokanavien puhdistus kiinteist\u00f6ihin ja huoneistoihin<\/h4>\n\n\n\n<div class=\"wp-block-group is-content-justification-center is-nowrap is-layout-flex wp-container-core-group-is-layout-23441af8 wp-block-group-is-layout-flex\">\n<p class=\"has-text-align-left\">Ilmanvaihtokanavien ja laitteistojen s\u00e4\u00e4nn\u00f6llinen puhdistus on t\u00e4rke\u00e4 osa kiinteist\u00f6n perushuoltoa.<br>Ilmanvaihtokanavien puhdistus parantaa sis\u00e4ilman laatua ja tukee terveellist\u00e4 asumis- ja ty\u00f6ymp\u00e4rist\u00f6\u00e4.<\/p>\n<\/div>\n\n\n\n<div class=\"wp-block-group is-content-justification-center is-nowrap is-layout-flex wp-container-core-group-is-layout-23441af8 wp-block-group-is-layout-flex\">\n<p class=\"has-text-align-left\">Ilmanvaihtokanavien puhdistus on <strong>hyv\u00e4 sijoitus terveyteen<\/strong> ja ilmanvaihdon toimintavarmuuteen.<\/p>\n<\/div>\n<\/div>\n<\/div>\n<\/div><\/div>\n\n\n\n<div class=\"wp-block-columns is-layout-flex wp-container-core-columns-is-layout-28f84493 wp-block-columns-is-layout-flex\">\n<div class=\"wp-block-column is-layout-flow wp-block-column-is-layout-flow\">\n<h4 class=\"wp-block-heading has-text-align-center\">Kotitalousv\u00e4hennys<\/h4>\n\n\n\n<p class=\"has-text-align-center\">Yksityisasiakkaat voivat hy\u00f6dynt\u00e4\u00e4 <strong>kotitalousv\u00e4hennyst\u00e4 ty\u00f6n osuudesta<\/strong> ilmanvaihtokanavien puhdistuksessa.<\/p>\n\n\n\n<div class=\"wp-block-buttons is-content-justification-center is-layout-flex wp-container-core-buttons-is-layout-a89b3969 wp-block-buttons-is-layout-flex\">\n<div class=\"wp-block-button is-style-fill\"><a class=\"wp-block-button__link has-background wp-element-button\" href=\"https:\/\/espoonivpuhdistus.fi\/en\/tarjouspyynto\/\" style=\"background-color:#ac2b48\"><strong>Pyyd\u00e4 tarjous<\/strong><\/a><\/div>\n<\/div>\n<\/div>\n<\/div>\n\n\n\n<div class=\"wp-block-cover alignfull is-light\"><img loading=\"lazy\" decoding=\"async\" width=\"1024\" height=\"512\" class=\"wp-block-cover__image-background wp-image-304 size-full\" alt=\"\" src=\"https:\/\/espoonivpuhdistus.fi\/wp-content\/uploads\/2026\/02\/bg-color_1.png\" data-object-fit=\"cover\" srcset=\"https:\/\/espoonivpuhdistus.fi\/wp-content\/uploads\/2026\/02\/bg-color_1.png 1024w, https:\/\/espoonivpuhdistus.fi\/wp-content\/uploads\/2026\/02\/bg-color_1-300x150.png 300w, https:\/\/espoonivpuhdistus.fi\/wp-content\/uploads\/2026\/02\/bg-color_1-768x384.png 768w, https:\/\/espoonivpuhdistus.fi\/wp-content\/uploads\/2026\/02\/bg-color_1-18x9.png 18w\" sizes=\"auto, (max-width: 1024px) 100vw, 1024px\" \/><span aria-hidden=\"true\" class=\"wp-block-cover__background has-background-dim\" style=\"background-color:#e4f2fb\"><\/span><div class=\"wp-block-cover__inner-container is-layout-flow wp-block-cover-is-layout-flow\">\n<div class=\"wp-block-group has-global-padding is-layout-constrained wp-block-group-is-layout-constrained\">\n<div class=\"wp-block-columns is-layout-flex wp-container-core-columns-is-layout-28f84493 wp-block-columns-is-layout-flex\">\n<div class=\"wp-block-column is-layout-flow wp-block-column-is-layout-flow\">\n<h4 class=\"wp-block-heading has-text-align-center\">Mit\u00e4 ilmanvaihtokanavien puhdistus sis\u00e4lt\u00e4\u00e4?<\/h4>\n\n\n\n<p class=\"has-text-align-center\">Ilmanvaihtokanavien puhdistus toteutetaan aina kohteen mukaan ja se voi sis\u00e4lt\u00e4\u00e4:<\/p>\n\n\n\n<div class=\"wp-block-group is-vertical is-content-justification-center is-layout-flex wp-container-core-group-is-layout-ce155fab wp-block-group-is-layout-flex\">\n<ul class=\"wp-block-list\">\n<li>IV-kanavien koneellisen harjauksen ja alipaineistuksen<\/li>\n\n\n\n<li>IV-koneiden puhdistuksen<\/li>\n\n\n\n<li>Ilmanvaihtoventtiilien puhdistuksen<\/li>\n\n\n\n<li>Suodattimien vaihdon<\/li>\n\n\n\n<li>IV-koneiden kunnon tarkastuksen (esim. laakerit ja siivekkeet)<\/li>\n\n\n\n<li>Liesituulettimen hormin koneellisen tai mekaanisen harjauksen<\/li>\n\n\n\n<li>Puhdistusp\u00f6yt\u00e4kirjan tehdyst\u00e4 ty\u00f6st\u00e4<\/li>\n<\/ul>\n<\/div>\n\n\n\n<p class=\"has-text-align-center\">Painovoimaisista kohteista laaditaan aina <strong>erillinen ty\u00f6suunnitelma<\/strong>.<\/p>\n\n\n\n<p class=\"has-text-align-center\">Informoimme aina asiakasta, jos havaitsemme puutteita kanavistossa tai laitteistossa.<\/p>\n<\/div>\n<\/div>\n<\/div>\n<\/div><\/div>\n\n\n\n<div class=\"wp-block-columns is-layout-flex wp-container-core-columns-is-layout-28f84493 wp-block-columns-is-layout-flex\">\n<div class=\"wp-block-column is-layout-flow wp-block-column-is-layout-flow\">\n<p class=\"has-text-align-center\"><strong>Tarvittaessa my\u00f6s lis\u00e4ty\u00f6t<\/strong><\/p>\n\n\n\n<p class=\"has-text-align-center\">Ilmanvaihtokanavien puhdistuksen yhteydess\u00e4 voidaan toteuttaa my\u00f6s ilmanvaihdon lis\u00e4t\u00f6it\u00e4, kuten IV-koneiden vaihdot, tarkastusluukkujen asennukset, kanaviston kuvaukset ja palokatkot.<\/p>\n<\/div>\n<\/div>\n\n\n\n<div class=\"wp-block-cover alignfull is-light\" style=\"min-height:300px;aspect-ratio:unset;\"><img loading=\"lazy\" decoding=\"async\" width=\"1024\" height=\"512\" class=\"wp-block-cover__image-background wp-image-304 size-full\" alt=\"\" src=\"https:\/\/espoonivpuhdistus.fi\/wp-content\/uploads\/2026\/02\/bg-color_1.png\" data-object-fit=\"cover\" srcset=\"https:\/\/espoonivpuhdistus.fi\/wp-content\/uploads\/2026\/02\/bg-color_1.png 1024w, https:\/\/espoonivpuhdistus.fi\/wp-content\/uploads\/2026\/02\/bg-color_1-300x150.png 300w, https:\/\/espoonivpuhdistus.fi\/wp-content\/uploads\/2026\/02\/bg-color_1-768x384.png 768w, https:\/\/espoonivpuhdistus.fi\/wp-content\/uploads\/2026\/02\/bg-color_1-18x9.png 18w\" sizes=\"auto, (max-width: 1024px) 100vw, 1024px\" \/><span aria-hidden=\"true\" class=\"wp-block-cover__background has-background-dim\" style=\"background-color:#e4f2fb\"><\/span><div class=\"wp-block-cover__inner-container is-layout-flow wp-block-cover-is-layout-flow\">\n<div class=\"wp-block-group has-global-padding is-layout-constrained wp-block-group-is-layout-constrained\">\n<div class=\"wp-block-columns is-layout-flex wp-container-core-columns-is-layout-28f84493 wp-block-columns-is-layout-flex\">\n<div class=\"wp-block-column is-layout-flow wp-block-column-is-layout-flow\">\n<h4 class=\"wp-block-heading has-text-align-center\">Mittaukset ja s\u00e4\u00e4d\u00f6t<\/h4>\n\n\n\n<p class=\"has-text-align-center\">Tarvittaessa voidaan toteuttaa my\u00f6s:<\/p>\n\n\n\n<div class=\"wp-block-group is-vertical is-content-justification-center is-layout-flex wp-container-core-group-is-layout-ce155fab wp-block-group-is-layout-flex\">\n<ul class=\"wp-block-list\">\n<li>Ilmam\u00e4\u00e4rien mittaukset<\/li>\n\n\n\n<li>S\u00e4\u00e4d\u00f6t ja tarkastukset<\/li>\n\n\n\n<li>Mittausp\u00f6yt\u00e4kirja<\/li>\n<\/ul>\n<\/div>\n<\/div>\n<\/div>\n<\/div>\n<\/div><\/div>\n\n\n\n<div style=\"height:100px\" aria-hidden=\"true\" class=\"wp-block-spacer\"><\/div>","protected":false},"excerpt":{"rendered":"<p>Kotitalousv\u00e4hennys Yksityisasiakkaat voivat hy\u00f6dynt\u00e4\u00e4 kotitalousv\u00e4hennyst\u00e4 ty\u00f6n osuudesta ilmanvaihtokanavien puhdistuksessa. Tarvittaessa my\u00f6s lis\u00e4ty\u00f6t Ilmanvaihtokanavien puhdistuksen yhteydess\u00e4 voidaan toteuttaa my\u00f6s ilmanvaihdon lis\u00e4t\u00f6it\u00e4, kuten IV-koneiden vaihdot, tarkastusluukkujen asennukset, kanaviston kuvaukset ja palokatkot.<\/p>","protected":false},"author":1,"featured_media":0,"parent":0,"menu_order":0,"comment_status":"closed","ping_status":"closed","template":"no-title","meta":{"om_disable_all_campaigns":false,"_monsterinsights_skip_tracking":false,"_monsterinsights_sitenote_active":false,"_monsterinsights_sitenote_note":"","_monsterinsights_sitenote_category":0,"footnotes":""},"class_list":["post-136","page","type-page","status-publish","hentry"],"aioseo_notices":[],"_links":{"self":[{"href":"https:\/\/espoonivpuhdistus.fi\/en\/wp-json\/wp\/v2\/pages\/136","targetHints":{"allow":["GET"]}}],"collection":[{"href":"https:\/\/espoonivpuhdistus.fi\/en\/wp-json\/wp\/v2\/pages"}],"about":[{"href":"https:\/\/espoonivpuhdistus.fi\/en\/wp-json\/wp\/v2\/types\/page"}],"author":[{"embeddable":true,"href":"https:\/\/espoonivpuhdistus.fi\/en\/wp-json\/wp\/v2\/users\/1"}],"replies":[{"embeddable":true,"href":"https:\/\/espoonivpuhdistus.fi\/en\/wp-json\/wp\/v2\/comments?post=136"}],"version-history":[{"count":35,"href":"https:\/\/espoonivpuhdistus.fi\/en\/wp-json\/wp\/v2\/pages\/136\/revisions"}],"predecessor-version":[{"id":434,"href":"https:\/\/espoonivpuhdistus.fi\/en\/wp-json\/wp\/v2\/pages\/136\/revisions\/434"}],"wp:attachment":[{"href":"https:\/\/espoonivpuhdistus.fi\/en\/wp-json\/wp\/v2\/media?parent=136"}],"curies":[{"name":"wp","href":"https:\/\/api.w.org\/{rel}","templated":true}]}}