{"id":148,"date":"2026-02-05T21:18:09","date_gmt":"2026-02-05T21:18:09","guid":{"rendered":"https:\/\/espoonivpuhdistus.fi\/?page_id=148"},"modified":"2026-02-10T07:16:40","modified_gmt":"2026-02-10T07:16:40","slug":"venttiilien-ja-paatelaitteiden-puhdistus","status":"publish","type":"page","link":"https:\/\/espoonivpuhdistus.fi\/en\/venttiilien-ja-paatelaitteiden-puhdistus\/","title":{"rendered":"Venttiilien ja p\u00e4\u00e4telaitteiden puhdistus"},"content":{"rendered":"<div class=\"wp-block-cover alignfull wp-duotone-unset-1\" style=\"margin-top:0;margin-bottom:0;min-height:430px;aspect-ratio:unset;\"><img loading=\"lazy\" decoding=\"async\" width=\"1920\" height=\"2560\" class=\"wp-block-cover__image-background wp-image-387 size-full\" alt=\"\" src=\"https:\/\/espoonivpuhdistus.fi\/wp-content\/uploads\/2026\/02\/espooniv_008-scaled.jpg\" data-object-fit=\"cover\" srcset=\"https:\/\/espoonivpuhdistus.fi\/wp-content\/uploads\/2026\/02\/espooniv_008-scaled.jpg 1920w, https:\/\/espoonivpuhdistus.fi\/wp-content\/uploads\/2026\/02\/espooniv_008-225x300.jpg 225w, https:\/\/espoonivpuhdistus.fi\/wp-content\/uploads\/2026\/02\/espooniv_008-768x1024.jpg 768w, https:\/\/espoonivpuhdistus.fi\/wp-content\/uploads\/2026\/02\/espooniv_008-1152x1536.jpg 1152w, https:\/\/espoonivpuhdistus.fi\/wp-content\/uploads\/2026\/02\/espooniv_008-1536x2048.jpg 1536w, https:\/\/espoonivpuhdistus.fi\/wp-content\/uploads\/2026\/02\/espooniv_008-9x12.jpg 9w\" sizes=\"auto, (max-width: 1920px) 100vw, 1920px\" \/><span aria-hidden=\"true\" class=\"wp-block-cover__background has-background-dim-90 has-background-dim\" style=\"background-color:#101721\"><\/span><div class=\"wp-block-cover__inner-container is-layout-flow wp-container-core-cover-is-layout-b7a159c5 wp-block-cover-is-layout-flow\">\n<div class=\"wp-block-group has-global-padding is-content-justification-center is-layout-constrained wp-block-group-is-layout-constrained\">\n<h4 class=\"wp-block-heading has-text-align-center\">Venttiilien ja p\u00e4\u00e4telaitteiden puhdistus<\/h4>\n\n\n\n<p class=\"has-text-align-center\"><strong>Venttiilien ja p\u00e4\u00e4telaitteiden s\u00e4\u00e4nn\u00f6llinen puhdistus on t\u00e4rke\u00e4 osa ilmanvaihdon huoltoa sek\u00e4 liiketiloissa ett\u00e4 yksityiskodeissa.<\/strong><\/p>\n\n\n\n<p class=\"has-text-align-center\">Puhdas ja oikein toimiva ilmanvaihto tukee hyv\u00e4\u00e4 sis\u00e4ilman laatua, viihtyvyytt\u00e4 ja tilojen yleisilmett\u00e4.<\/p>\n\n\n\n<p class=\"has-text-align-center\">Ilmanvaihtoventtiilit ja muut p\u00e4\u00e4telaitteet ovat n\u00e4kyv\u00e4 osa tiloja.<br>Likaiset venttiilit antavat helposti ep\u00e4siistin ja huonon vaikutelman, vaikka tila olisi muuten siisti.<\/p>\n<\/div>\n<\/div><\/div>\n\n\n\n<div class=\"wp-block-columns is-layout-flex wp-container-core-columns-is-layout-28f84493 wp-block-columns-is-layout-flex\">\n<div class=\"wp-block-column is-layout-flow wp-block-column-is-layout-flow\">\n<h4 class=\"wp-block-heading has-text-align-center\">Miksi venttiilien ja p\u00e4\u00e4telaitteiden puhdistus on t\u00e4rke\u00e4\u00e4?<\/h4>\n\n\n\n<p class=\"has-text-align-center\"><strong>Venttiilit ja p\u00e4\u00e4telaitteet<\/strong> ker\u00e4\u00e4v\u00e4t ajan my\u00f6t\u00e4 p\u00f6ly\u00e4 ja ep\u00e4puhtauksia, jotka vaikuttavat sek\u00e4 ilmanvaihdon toimintaan ett\u00e4 tilojen ilmeeseen.<\/p>\n\n\n\n<p class=\"has-text-align-center\"><strong>S\u00e4\u00e4nn\u00f6llinen puhdistus tukee:<\/strong><\/p>\n\n\n\n<div class=\"wp-block-group is-vertical is-content-justification-center is-layout-flex wp-container-core-group-is-layout-b6c1f246 wp-block-group-is-layout-flex\">\n<ul class=\"wp-block-list\">\n<li>Siisti\u00e4 ja huoliteltua yleisilmett\u00e4<\/li>\n\n\n\n<li>Hyv\u00e4\u00e4 sis\u00e4ilman laatua<\/li>\n\n\n\n<li>Ilmanvaihdon toimivuutta<\/li>\n<\/ul>\n<\/div>\n<\/div>\n<\/div>\n\n\n\n<p class=\"has-text-align-center\">Puhdistuksen tarve korostuu erityisesti kohteissa, joissa <strong>asiakaskokemus, henkil\u00f6kunnan viihtyvyys tai asumismukavuus<\/strong> ovat t\u00e4rkeit\u00e4.<\/p>\n\n\n\n<div class=\"wp-block-cover alignfull is-light\"><img loading=\"lazy\" decoding=\"async\" width=\"1024\" height=\"512\" class=\"wp-block-cover__image-background wp-image-304 size-full\" alt=\"\" src=\"https:\/\/espoonivpuhdistus.fi\/wp-content\/uploads\/2026\/02\/bg-color_1.png\" data-object-fit=\"cover\" srcset=\"https:\/\/espoonivpuhdistus.fi\/wp-content\/uploads\/2026\/02\/bg-color_1.png 1024w, https:\/\/espoonivpuhdistus.fi\/wp-content\/uploads\/2026\/02\/bg-color_1-300x150.png 300w, https:\/\/espoonivpuhdistus.fi\/wp-content\/uploads\/2026\/02\/bg-color_1-768x384.png 768w, https:\/\/espoonivpuhdistus.fi\/wp-content\/uploads\/2026\/02\/bg-color_1-18x9.png 18w\" sizes=\"auto, (max-width: 1024px) 100vw, 1024px\" \/><span aria-hidden=\"true\" class=\"wp-block-cover__background has-background-dim\" style=\"background-color:#e4f2fb\"><\/span><div class=\"wp-block-cover__inner-container is-layout-flow wp-block-cover-is-layout-flow\">\n<div class=\"wp-block-group has-global-padding is-layout-constrained wp-block-group-is-layout-constrained\">\n<h4 class=\"wp-block-heading has-text-align-center\">Ammattimainen puhdistus \u2013 s\u00e4\u00e4d\u00f6t s\u00e4ilytt\u00e4en<\/h4>\n\n\n\n<p class=\"has-text-align-center\">Venttiilien puhdistuksessa on t\u00e4rke\u00e4\u00e4, ett\u00e4 <strong>venttiilien s\u00e4\u00e4d\u00f6t eiv\u00e4t muutu puhdistuksen yhteydess\u00e4<\/strong>.<\/p>\n\n\n\n<p class=\"has-text-align-center\"><strong>Puhdistus toteutetaan huolellisesti niin, ett\u00e4:<\/strong><\/p>\n\n\n\n<div class=\"wp-block-group is-vertical is-content-justification-center is-layout-flex wp-container-core-group-is-layout-ce155fab wp-block-group-is-layout-flex\">\n<ul class=\"wp-block-list\">\n<li>Ilmam\u00e4\u00e4rien s\u00e4\u00e4d\u00f6t s\u00e4ilyv\u00e4t ennallaan<\/li>\n\n\n\n<li>Ilmanvaihdon tasapaino ei muutu<\/li>\n\n\n\n<li>Tilojen ilmanvaihto toimii puhdistuksen j\u00e4lkeen kuten pit\u00e4\u00e4<\/li>\n<\/ul>\n<\/div>\n<\/div>\n<\/div><\/div>\n\n\n\n<h4 class=\"wp-block-heading has-text-align-center\">Ilmanvaihtokoneen ja LTO-j\u00e4rjestelm\u00e4n puhdistus osana huoltoa<\/h4>\n\n\n\n<p class=\"has-text-align-center\">Venttiilien ja p\u00e4\u00e4telaitteiden puhdistuksen lis\u00e4ksi ilmanvaihdon toimivuuden kannalta on t\u00e4rke\u00e4\u00e4 huolehtia my\u00f6s ilmanvaihtokoneesta ja l\u00e4mm\u00f6ntalteenottokennosta (LTO).<\/p>\n\n\n\n<p class=\"has-text-align-center\">Ilmanvaihtokoneen ja LTO-j\u00e4rjestelm\u00e4n puhdistus sek\u00e4 laakereiden tarkistus:<\/p>\n\n\n\n<div class=\"wp-block-group is-vertical is-content-justification-center is-layout-flex wp-container-core-group-is-layout-b6c1f246 wp-block-group-is-layout-flex\">\n<ul class=\"wp-block-list\">\n<li>Parantaa sis\u00e4ilman laatua<\/li>\n\n\n\n<li>Tukee energiatehokasta ilmanvaihtoa<\/li>\n\n\n\n<li>Pident\u00e4\u00e4 ilmanvaihtokoneen k\u00e4ytt\u00f6ik\u00e4\u00e4<\/li>\n<\/ul>\n<\/div>\n\n\n\n<p class=\"has-text-align-center\">Puhdistus suositellaan teht\u00e4v\u00e4ksi <strong>1\u20132 kertaa vuodessa<\/strong>, tyypillisesti suodattimien vaihdon yhteydess\u00e4.<br><br>T\u00e4m\u00e4 koskee erityisesti <strong>yksityiskoteja ja LTO-j\u00e4rjestelm\u00e4ll\u00e4 varustettuja kohteita<\/strong>, mutta soveltuu my\u00f6s moniin liiketiloihin.<\/p>\n\n\n\n<div class=\"wp-block-columns is-layout-flex wp-container-core-columns-is-layout-28f84493 wp-block-columns-is-layout-flex\">\n<div class=\"wp-block-column is-layout-flow wp-block-column-is-layout-flow\">\n<div class=\"wp-block-buttons is-content-justification-center is-layout-flex wp-container-core-buttons-is-layout-a89b3969 wp-block-buttons-is-layout-flex\">\n<div class=\"wp-block-button\"><a class=\"wp-block-button__link has-background wp-element-button\" href=\"https:\/\/espoonivpuhdistus.fi\/en\/tarjouspyynto\/\" style=\"background-color:#ac2b48\"><strong>Pyyd\u00e4 tarjous<\/strong><\/a><\/div>\n<\/div>\n<\/div>\n<\/div>\n\n\n\n<div style=\"height:100px\" aria-hidden=\"true\" class=\"wp-block-spacer\"><\/div>","protected":false},"excerpt":{"rendered":"<p>Miksi venttiilien ja p\u00e4\u00e4telaitteiden puhdistus on t\u00e4rke\u00e4\u00e4? Venttiilit ja p\u00e4\u00e4telaitteet ker\u00e4\u00e4v\u00e4t ajan my\u00f6t\u00e4 p\u00f6ly\u00e4 ja ep\u00e4puhtauksia, jotka vaikuttavat sek\u00e4 ilmanvaihdon toimintaan ett\u00e4 tilojen ilmeeseen. S\u00e4\u00e4nn\u00f6llinen puhdistus tukee: Puhdistuksen tarve korostuu erityisesti kohteissa, joissa asiakaskokemus, henkil\u00f6kunnan viihtyvyys tai asumismukavuus ovat t\u00e4rkeit\u00e4. Ilmanvaihtokoneen ja LTO-j\u00e4rjestelm\u00e4n puhdistus osana huoltoa Venttiilien ja p\u00e4\u00e4telaitteiden puhdistuksen lis\u00e4ksi ilmanvaihdon toimivuuden kannalta on [&hellip;]<\/p>\n","protected":false},"author":1,"featured_media":0,"parent":0,"menu_order":0,"comment_status":"closed","ping_status":"closed","template":"no-title","meta":{"om_disable_all_campaigns":false,"_monsterinsights_skip_tracking":false,"_monsterinsights_sitenote_active":false,"_monsterinsights_sitenote_note":"","_monsterinsights_sitenote_category":0,"footnotes":""},"class_list":["post-148","page","type-page","status-publish","hentry"],"aioseo_notices":[],"_links":{"self":[{"href":"https:\/\/espoonivpuhdistus.fi\/en\/wp-json\/wp\/v2\/pages\/148","targetHints":{"allow":["GET"]}}],"collection":[{"href":"https:\/\/espoonivpuhdistus.fi\/en\/wp-json\/wp\/v2\/pages"}],"about":[{"href":"https:\/\/espoonivpuhdistus.fi\/en\/wp-json\/wp\/v2\/types\/page"}],"author":[{"embeddable":true,"href":"https:\/\/espoonivpuhdistus.fi\/en\/wp-json\/wp\/v2\/users\/1"}],"replies":[{"embeddable":true,"href":"https:\/\/espoonivpuhdistus.fi\/en\/wp-json\/wp\/v2\/comments?post=148"}],"version-history":[{"count":33,"href":"https:\/\/espoonivpuhdistus.fi\/en\/wp-json\/wp\/v2\/pages\/148\/revisions"}],"predecessor-version":[{"id":433,"href":"https:\/\/espoonivpuhdistus.fi\/en\/wp-json\/wp\/v2\/pages\/148\/revisions\/433"}],"wp:attachment":[{"href":"https:\/\/espoonivpuhdistus.fi\/en\/wp-json\/wp\/v2\/media?parent=148"}],"curies":[{"name":"wp","href":"https:\/\/api.w.org\/{rel}","templated":true}]}}