{"id":180,"date":"2026-02-07T16:14:31","date_gmt":"2026-02-07T16:14:31","guid":{"rendered":"https:\/\/espoonivpuhdistus.fi\/?page_id=180"},"modified":"2026-02-08T02:10:08","modified_gmt":"2026-02-08T02:10:08","slug":"tarjouspyynto","status":"publish","type":"page","link":"https:\/\/espoonivpuhdistus.fi\/en\/tarjouspyynto\/","title":{"rendered":"Tarjouspyynt\u00f6"},"content":{"rendered":"\n<div class=\"wp-block-cover alignfull is-light\"><img loading=\"lazy\" decoding=\"async\" width=\"1024\" height=\"512\" class=\"wp-block-cover__image-background wp-image-304 size-full\" alt=\"\" src=\"https:\/\/espoonivpuhdistus.fi\/wp-content\/uploads\/2026\/02\/bg-color_1.png\" data-object-fit=\"cover\" srcset=\"https:\/\/espoonivpuhdistus.fi\/wp-content\/uploads\/2026\/02\/bg-color_1.png 1024w, https:\/\/espoonivpuhdistus.fi\/wp-content\/uploads\/2026\/02\/bg-color_1-300x150.png 300w, https:\/\/espoonivpuhdistus.fi\/wp-content\/uploads\/2026\/02\/bg-color_1-768x384.png 768w, https:\/\/espoonivpuhdistus.fi\/wp-content\/uploads\/2026\/02\/bg-color_1-18x9.png 18w\" sizes=\"auto, (max-width: 1024px) 100vw, 1024px\" \/><span aria-hidden=\"true\" class=\"wp-block-cover__background has-background-dim\" style=\"background-color:#e4f2fb\"><\/span><div class=\"wp-block-cover__inner-container is-layout-flow wp-block-cover-is-layout-flow\">\n<div class=\"wp-block-group alignwide has-global-padding is-layout-constrained wp-block-group-is-layout-constrained\"><div class=\"wpforms-container wpforms-block wpforms-block-3ef9e4a9-141e-43c8-a78b-c372a21b9481 wpforms-render-modern\" id=\"wpforms-181\"><form id=\"wpforms-form-181\" class=\"wpforms-validate wpforms-form wpforms-ajax-form\" data-formid=\"181\" method=\"post\" enctype=\"multipart\/form-data\" action=\"\/en\/wp-json\/wp\/v2\/pages\/180\" data-token=\"86cc2384ca88ce86da8c5ddbaaced74d\" data-token-time=\"1777516013\"><noscript class=\"wpforms-error-noscript\">Please enable JavaScript in your browser to complete this form.<\/noscript><div id=\"wpforms-error-noscript\" style=\"display: none;\">Please enable JavaScript in your browser to complete this form.<\/div><div class=\"wpforms-field-container\"><div id=\"wpforms-181-field_1-container\" class=\"wpforms-field wpforms-field-name\" data-field-id=\"1\"><label class=\"wpforms-field-label\" for=\"wpforms-181-field_1\">Nimi \/ Name <span class=\"wpforms-required-label\" aria-hidden=\"true\">*<\/span><\/label><input type=\"text\" id=\"wpforms-181-field_1\" class=\"wpforms-field-medium wpforms-field-required\" name=\"wpforms[fields][1]\" aria-errormessage=\"wpforms-181-field_1-error\" aria-describedby=\"wpforms-181-field_1-description\" required><div id=\"wpforms-181-field_1-description\" class=\"wpforms-field-description\">( * merkityt kohdat ovat pakollisia \/ * marked fields are required )<\/div><\/div><div id=\"wpforms-181-field_13-container\" class=\"wpforms-field wpforms-field-text\" data-field-id=\"13\"><label class=\"wpforms-field-label\" for=\"wpforms-181-field_13\">Yritys \/ Company<\/label><input type=\"text\" id=\"wpforms-181-field_13\" class=\"wpforms-field-medium\" name=\"wpforms[fields][13]\" aria-errormessage=\"wpforms-181-field_13-error\" ><\/div><div id=\"wpforms-181-field_2-container\" class=\"wpforms-field wpforms-field-email\" data-field-id=\"2\"><label class=\"wpforms-field-label\" for=\"wpforms-181-field_2\">S\u00e4hk\u00f6postiosoite \/ Email <span class=\"wpforms-required-label\" aria-hidden=\"true\">*<\/span><\/label><input type=\"email\" id=\"wpforms-181-field_2\" class=\"wpforms-field-medium wpforms-field-required\" name=\"wpforms[fields][2]\" spellcheck=\"false\" aria-errormessage=\"wpforms-181-field_2-error\" required><\/div><div id=\"wpforms-181-field_4-container\" class=\"wpforms-field wpforms-field-text\" data-field-id=\"4\"><label class=\"wpforms-field-label\" for=\"wpforms-181-field_4\">Osoite \/ Address <span class=\"wpforms-required-label\" aria-hidden=\"true\">*<\/span><\/label><input type=\"text\" id=\"wpforms-181-field_4\" class=\"wpforms-field-medium wpforms-field-required\" name=\"wpforms[fields][4]\" aria-errormessage=\"wpforms-181-field_4-error\" required><\/div>\t\t<div id=\"wpforms-181-field_3-container\"\n\t\t\tclass=\"wpforms-field wpforms-field-text\"\n\t\t\tdata-field-type=\"text\"\n\t\t\tdata-field-id=\"3\"\n\t\t\t>\n\t\t\t<label class=\"wpforms-field-label\" for=\"wpforms-181-field_3\" >air contacted \/<\/label>\n\t\t\t<input type=\"text\" id=\"wpforms-181-field_3\" class=\"wpforms-field-medium\" name=\"wpforms[fields][3]\" >\n\t\t<\/div>\n\t\t<div id=\"wpforms-181-field_5-container\" class=\"wpforms-field wpforms-field-number\" data-field-id=\"5\"><label class=\"wpforms-field-label\" for=\"wpforms-181-field_5\">Puhelinnumero \/ Phone number<\/label><input type=\"number\" id=\"wpforms-181-field_5\" class=\"wpforms-field-medium\" name=\"wpforms[fields][5]\" step=\"any\" aria-errormessage=\"wpforms-181-field_5-error\" ><\/div><div id=\"wpforms-181-field_14-container\" class=\"wpforms-field wpforms-field-radio\" data-field-id=\"14\"><fieldset><legend class=\"wpforms-field-label\">Kiinteist\u00f6n tyyppi \/ Property type<\/legend><ul id=\"wpforms-181-field_14\"><li class=\"choice-1 depth-1\"><input type=\"radio\" id=\"wpforms-181-field_14_1\" name=\"wpforms[fields][14]\" value=\"Kerrostalo \/ Apartment house\" aria-errormessage=\"wpforms-181-field_14_1-error\"  ><label class=\"wpforms-field-label-inline\" for=\"wpforms-181-field_14_1\">Kerrostalo \/ Apartment house<\/label><\/li><li class=\"choice-2 depth-1\"><input type=\"radio\" id=\"wpforms-181-field_14_2\" name=\"wpforms[fields][14]\" value=\"Rivitalo \/ Row house\" aria-errormessage=\"wpforms-181-field_14_2-error\"  ><label class=\"wpforms-field-label-inline\" for=\"wpforms-181-field_14_2\">Rivitalo \/ Row house<\/label><\/li><li class=\"choice-3 depth-1\"><input type=\"radio\" id=\"wpforms-181-field_14_3\" name=\"wpforms[fields][14]\" value=\"Paritalo \/ Semi-detached\" aria-errormessage=\"wpforms-181-field_14_3-error\"  ><label class=\"wpforms-field-label-inline\" for=\"wpforms-181-field_14_3\">Paritalo \/ Semi-detached<\/label><\/li><li class=\"choice-4 depth-1\"><input type=\"radio\" id=\"wpforms-181-field_14_4\" name=\"wpforms[fields][14]\" value=\"Omakotitalo \/ Detached\" aria-errormessage=\"wpforms-181-field_14_4-error\"  ><label class=\"wpforms-field-label-inline\" for=\"wpforms-181-field_14_4\">Omakotitalo \/ Detached<\/label><\/li><li class=\"choice-5 depth-1\"><input type=\"radio\" id=\"wpforms-181-field_14_5\" name=\"wpforms[fields][14]\" value=\"Luhtitalo \/ Multi-family residential\" aria-errormessage=\"wpforms-181-field_14_5-error\"  ><label class=\"wpforms-field-label-inline\" for=\"wpforms-181-field_14_5\">Luhtitalo \/ Multi-family residential<\/label><\/li><li class=\"choice-6 depth-1\"><input type=\"radio\" id=\"wpforms-181-field_14_6\" name=\"wpforms[fields][14]\" value=\"Liiketila \/ Business space\" aria-errormessage=\"wpforms-181-field_14_6-error\"  ><label class=\"wpforms-field-label-inline\" for=\"wpforms-181-field_14_6\">Liiketila \/ Business space<\/label><\/li><\/ul><\/fieldset><\/div><div id=\"wpforms-181-field_7-container\" class=\"wpforms-field wpforms-field-text\" data-field-id=\"7\"><label class=\"wpforms-field-label\" for=\"wpforms-181-field_7\">Kerroslukum\u00e4\u00e4r\u00e4 \/ Number of floors<\/label><input type=\"text\" id=\"wpforms-181-field_7\" class=\"wpforms-field-medium\" name=\"wpforms[fields][7]\" aria-errormessage=\"wpforms-181-field_7-error\" ><\/div><div id=\"wpforms-181-field_8-container\" class=\"wpforms-field wpforms-field-text\" data-field-id=\"8\"><label class=\"wpforms-field-label\" for=\"wpforms-181-field_8\">Asuinpinta-ala \/ Floor area<\/label><input type=\"text\" id=\"wpforms-181-field_8\" class=\"wpforms-field-medium\" name=\"wpforms[fields][8]\" aria-errormessage=\"wpforms-181-field_8-error\" ><\/div><div id=\"wpforms-181-field_9-container\" class=\"wpforms-field wpforms-field-text\" data-field-id=\"9\"><label class=\"wpforms-field-label\" for=\"wpforms-181-field_9\">Venttiilien lukum\u00e4\u00e4r\u00e4 \/ Number of air valves<\/label><input type=\"text\" id=\"wpforms-181-field_9\" class=\"wpforms-field-medium\" name=\"wpforms[fields][9]\" aria-errormessage=\"wpforms-181-field_9-error\" ><\/div><div id=\"wpforms-181-field_15-container\" class=\"wpforms-field wpforms-field-radio\" data-field-id=\"15\"><fieldset><legend class=\"wpforms-field-label\">Ilmastointi \/ Air condition type<\/legend><ul id=\"wpforms-181-field_15\"><li class=\"choice-2 depth-1\"><input type=\"radio\" id=\"wpforms-181-field_15_2\" name=\"wpforms[fields][15]\" value=\"Koneellinen poisto \/ Mechanical exhaust air\" aria-errormessage=\"wpforms-181-field_15_2-error\"  ><label class=\"wpforms-field-label-inline\" for=\"wpforms-181-field_15_2\">Koneellinen poisto \/ Mechanical exhaust air<\/label><\/li><li class=\"choice-3 depth-1\"><input type=\"radio\" id=\"wpforms-181-field_15_3\" name=\"wpforms[fields][15]\" value=\"Painovoimainen \/ No machine i.e. gravity\" aria-errormessage=\"wpforms-181-field_15_3-error\"  ><label class=\"wpforms-field-label-inline\" for=\"wpforms-181-field_15_3\">Painovoimainen \/ No machine i.e. gravity<\/label><\/li><li class=\"choice-1 depth-1\"><input type=\"radio\" id=\"wpforms-181-field_15_1\" name=\"wpforms[fields][15]\" value=\"L\u00e4mm\u00f6ntalteenotto (LTO) \/ Heat recovery\" aria-errormessage=\"wpforms-181-field_15_1-error\"  ><label class=\"wpforms-field-label-inline\" for=\"wpforms-181-field_15_1\">L\u00e4mm\u00f6ntalteenotto (LTO) \/ Heat recovery<\/label><\/li><\/ul><\/fieldset><\/div><div id=\"wpforms-181-field_11-container\" class=\"wpforms-field wpforms-field-radio\" data-field-id=\"11\"><fieldset><legend class=\"wpforms-field-label\">Toivon, ett\u00e4 minuun otetaan yhteytt\u00e4 \/ I hope to be contacted via:<\/legend><ul id=\"wpforms-181-field_11\"><li class=\"choice-1 depth-1\"><input type=\"radio\" id=\"wpforms-181-field_11_1\" name=\"wpforms[fields][11]\" value=\"S\u00e4hk\u00f6postitse \/ Email\" aria-errormessage=\"wpforms-181-field_11_1-error\"  ><label class=\"wpforms-field-label-inline\" for=\"wpforms-181-field_11_1\">S\u00e4hk\u00f6postitse \/ Email<\/label><\/li><li class=\"choice-2 depth-1\"><input type=\"radio\" id=\"wpforms-181-field_11_2\" name=\"wpforms[fields][11]\" value=\"Puhelimitse \/ Phone\" aria-errormessage=\"wpforms-181-field_11_2-error\"  ><label class=\"wpforms-field-label-inline\" for=\"wpforms-181-field_11_2\">Puhelimitse \/ Phone<\/label><\/li><\/ul><\/fieldset><\/div><div id=\"wpforms-181-field_12-container\" class=\"wpforms-field wpforms-field-textarea\" data-field-id=\"12\"><label class=\"wpforms-field-label\" for=\"wpforms-181-field_12\">Lis\u00e4tietoja \/ Additional information<\/label><textarea id=\"wpforms-181-field_12\" class=\"wpforms-field-medium\" name=\"wpforms[fields][12]\" aria-errormessage=\"wpforms-181-field_12-error\" ><\/textarea><\/div><script>\n\t\t\t\t( function() {\n\t\t\t\t\tconst style = document.createElement( 'style' );\n\t\t\t\t\tstyle.appendChild( document.createTextNode( '#wpforms-181-field_3-container { position: absolute !important; overflow: hidden !important; display: inline !important; height: 1px !important; width: 1px !important; z-index: -1000 !important; padding: 0 !important; } #wpforms-181-field_3-container input { visibility: hidden; } #wpforms-conversational-form-page #wpforms-181-field_3-container label { counter-increment: none; }' ) );\n\t\t\t\t\tdocument.head.appendChild( style );\n\t\t\t\t\tdocument.currentScript?.remove();\n\t\t\t\t} )();\n\t\t\t<\/script><\/div><!-- .wpforms-field-container --><div class=\"wpforms-submit-container\" ><input type=\"hidden\" name=\"wpforms[id]\" value=\"181\"><input type=\"hidden\" name=\"page_title\" value=\"\"><input type=\"hidden\" name=\"page_url\" value=\"https:\/\/espoonivpuhdistus.fi\/en\/wp-json\/wp\/v2\/pages\/180\"><input type=\"hidden\" name=\"url_referer\" value=\"\"><button type=\"submit\" name=\"wpforms[submit]\" id=\"wpforms-submit-181\" class=\"wpforms-submit\" data-alt-text=\"Sending...\" data-submit-text=\"L\u00e4het\u00e4 \/ Submit\" aria-live=\"assertive\" value=\"wpforms-submit\">L\u00e4het\u00e4 \/ Submit<\/button><img loading=\"lazy\" decoding=\"async\" src=\"https:\/\/espoonivpuhdistus.fi\/wp-content\/plugins\/wpforms-lite\/assets\/images\/submit-spin.svg\" class=\"wpforms-submit-spinner\" style=\"display: none;\" width=\"26\" height=\"26\" alt=\"Loading\"><\/div><\/form><\/div>  <!-- .wpforms-container -->\n\n\n<div style=\"height:100px\" aria-hidden=\"true\" class=\"wp-block-spacer\"><\/div>\n<\/div>\n<\/div><\/div>\n","protected":false},"excerpt":{"rendered":"","protected":false},"author":1,"featured_media":0,"parent":0,"menu_order":0,"comment_status":"closed","ping_status":"closed","template":"no-title","meta":{"om_disable_all_campaigns":false,"_monsterinsights_skip_tracking":false,"_monsterinsights_sitenote_active":false,"_monsterinsights_sitenote_note":"","_monsterinsights_sitenote_category":0,"footnotes":""},"class_list":["post-180","page","type-page","status-publish","hentry"],"aioseo_notices":[],"_links":{"self":[{"href":"https:\/\/espoonivpuhdistus.fi\/en\/wp-json\/wp\/v2\/pages\/180","targetHints":{"allow":["GET"]}}],"collection":[{"href":"https:\/\/espoonivpuhdistus.fi\/en\/wp-json\/wp\/v2\/pages"}],"about":[{"href":"https:\/\/espoonivpuhdistus.fi\/en\/wp-json\/wp\/v2\/types\/page"}],"author":[{"embeddable":true,"href":"https:\/\/espoonivpuhdistus.fi\/en\/wp-json\/wp\/v2\/users\/1"}],"replies":[{"embeddable":true,"href":"https:\/\/espoonivpuhdistus.fi\/en\/wp-json\/wp\/v2\/comments?post=180"}],"version-history":[{"count":5,"href":"https:\/\/espoonivpuhdistus.fi\/en\/wp-json\/wp\/v2\/pages\/180\/revisions"}],"predecessor-version":[{"id":312,"href":"https:\/\/espoonivpuhdistus.fi\/en\/wp-json\/wp\/v2\/pages\/180\/revisions\/312"}],"wp:attachment":[{"href":"https:\/\/espoonivpuhdistus.fi\/en\/wp-json\/wp\/v2\/media?parent=180"}],"curies":[{"name":"wp","href":"https:\/\/api.w.org\/{rel}","templated":true}]}}