{"id":59,"date":"2026-02-03T19:33:18","date_gmt":"2026-02-03T19:33:18","guid":{"rendered":"https:\/\/espoonivpuhdistus.fi\/koti\/"},"modified":"2026-02-10T07:35:14","modified_gmt":"2026-02-10T07:35:14","slug":"koti","status":"publish","type":"page","link":"https:\/\/espoonivpuhdistus.fi\/en\/","title":{"rendered":"Koti"},"content":{"rendered":"<div class=\"wp-block-group alignfull is-style-ext-preset--group--natural-1--section has-background-background-color has-background has-global-padding is-layout-constrained wp-container-core-group-is-layout-e96f6837 wp-block-group-is-layout-constrained\" style=\"margin-top:0;margin-bottom:0;padding-top:0;padding-right:0;padding-bottom:0;padding-left:0\">\n<div class=\"wp-block-cover alignfull is-style-ext-preset--cover--natural-1--cover-overlay-1 wp-duotone-rgb253547-rgb162194248-4 is-style-ext-preset--cover--natural-1--cover-overlay-1--2\" style=\"padding-top:var(--wp--preset--spacing--70);padding-right:var(--wp--preset--spacing--30);padding-bottom:var(--wp--preset--spacing--70);padding-left:var(--wp--preset--spacing--30);min-height:60vh;aspect-ratio:unset;\"><img loading=\"lazy\" decoding=\"async\" width=\"1440\" height=\"960\" class=\"wp-block-cover__image-background wp-image-69\" alt=\"\" src=\"https:\/\/espoonivpuhdistus.fi\/wp-content\/uploads\/2026\/02\/76b592cd5ed875ee16f5baf6ad85c6b3656bde9d.jpg\" data-object-fit=\"cover\" srcset=\"https:\/\/espoonivpuhdistus.fi\/wp-content\/uploads\/2026\/02\/76b592cd5ed875ee16f5baf6ad85c6b3656bde9d.jpg 1440w, https:\/\/espoonivpuhdistus.fi\/wp-content\/uploads\/2026\/02\/76b592cd5ed875ee16f5baf6ad85c6b3656bde9d-300x200.jpg 300w, https:\/\/espoonivpuhdistus.fi\/wp-content\/uploads\/2026\/02\/76b592cd5ed875ee16f5baf6ad85c6b3656bde9d-1024x683.jpg 1024w, https:\/\/espoonivpuhdistus.fi\/wp-content\/uploads\/2026\/02\/76b592cd5ed875ee16f5baf6ad85c6b3656bde9d-768x512.jpg 768w, https:\/\/espoonivpuhdistus.fi\/wp-content\/uploads\/2026\/02\/76b592cd5ed875ee16f5baf6ad85c6b3656bde9d-18x12.jpg 18w\" sizes=\"auto, (max-width: 1440px) 100vw, 1440px\" \/><span aria-hidden=\"true\" class=\"wp-block-cover__background has-background-dim-80 has-background-dim\"><\/span><div class=\"wp-block-cover__inner-container has-global-padding is-layout-constrained wp-container-core-cover-is-layout-5cffc2c1 wp-block-cover-is-layout-constrained\">\n<div class=\"wp-block-group alignwide is-vertical is-layout-flex wp-container-core-group-is-layout-c35747d5 wp-block-group-is-layout-flex\">\n<div class=\"wp-block-group has-global-padding is-layout-constrained wp-container-core-group-is-layout-2287c683 wp-block-group-is-layout-constrained\">\n<h3 class=\"wp-block-heading has-text-align-left has-text-color has-link-color wp-elements-b5617d0663ec0ac72137837a03d83863\" style=\"color:#fefefe\"><strong><mark style=\"background-color:rgba(0, 0, 0, 0)\" class=\"has-inline-color has-background-color\">Ilmanvaihto- ja rasvakanavien puhdistus Uudellamaalla ja Varsinais-Suomessa.<\/mark><\/strong><\/h3>\n\n\n\n<p class=\"has-text-align-left has-text-color has-link-color wp-elements-aa44314151e974acbb545776b75e021d\" style=\"color:#fefefe\"><strong>Espoon IV-puhdistus<\/strong> tarjoaa ammattitaitoiset ilmanvaihto- ja rasvakanavien puhdistukset<br>yksityisasiakkaille, taloyhti\u00f6ille ja yrityksille Uudellamaalla ja Varsinais-Suomessa.<\/p>\n\n\n\n<p class=\"has-text-align-left has-text-color has-link-color wp-elements-85a36f66367c611b9b986ca18557424d\" style=\"color:#fefefe\">Puhdistamme ilmanvaihto- ja rasvakanavat asunnoista liiketiloihin ja ammattikeitti\u00f6ihin.<\/p>\n\n\n\n<p class=\"has-text-align-left has-text-color has-link-color wp-elements-4e565ef22c59e00e6dc5a5c0348e06d5\" style=\"color:#fefefe\">Ty\u00f6 tehd\u00e4\u00e4n huolellisesti, siististi ja sovitussa aikataulussa.<\/p>\n<\/div>\n\n\n\n<div class=\"wp-block-buttons is-layout-flex wp-block-buttons-is-layout-flex\">\n<div class=\"wp-block-button is-style-fill\"><a class=\"wp-block-button__link has-background-color has-text-color has-background has-link-color wp-element-button\" href=\"https:\/\/espoonivpuhdistus.fi\/en\/tarjouspyynto\/\" style=\"border-style:none;border-width:0px;border-top-left-radius:5px;border-top-right-radius:5px;border-bottom-left-radius:5px;border-bottom-right-radius:5px;background-color:#ac2b48\"><strong>Pyyd\u00e4 tarjous<\/strong><\/a><\/div>\n\n\n\n<div class=\"wp-block-button is-style-outline is-style-outline--3\"><a class=\"wp-block-button__link has-background-color has-text-color has-background has-link-color wp-element-button\" href=\"https:\/\/espoonivpuhdistus.fi\/en\/ilmanvaihtokanavien-puhdistus\/\" style=\"background-color:#ffffff00\">Lue lis\u00e4\u00e4<\/a><\/div>\n<\/div>\n<\/div>\n<\/div><\/div>\n<\/div>\n\n\n\n<div class=\"wp-block-group has-global-padding is-layout-constrained wp-block-group-is-layout-constrained\">\n<div class=\"wp-block-group is-nowrap is-layout-flex wp-container-core-group-is-layout-6c531013 wp-block-group-is-layout-flex\">\n<div class=\"wp-block-group has-global-padding is-layout-constrained wp-block-group-is-layout-constrained\">\n<h2 class=\"wp-block-heading has-text-align-center\">Kenelle palvelumme sopii<\/h2>\n\n\n\n<p class=\"has-text-align-center\">Palvelemme sek\u00e4 yksityisi\u00e4 ett\u00e4 yrityksi\u00e4 \u2013 <strong>pienist\u00e4 kohteista suuriin kokonaisuuksiin.<\/strong><\/p>\n<\/div>\n<\/div>\n\n\n\n<div class=\"wp-block-buttons is-layout-flex wp-block-buttons-is-layout-flex\">\n<div class=\"wp-block-button has-custom-width wp-block-button__width-50\"><a class=\"wp-block-button__link has-background wp-element-button\" style=\"background-color:#273a4e\"><strong>Ravintolat ja ammattikeitti\u00f6t<\/strong><\/a><\/div>\n\n\n\n<div class=\"wp-block-button has-custom-width wp-block-button__width-50\"><a class=\"wp-block-button__link has-background wp-element-button\" style=\"background-color:#273a4e\"><strong>Taloyhti\u00f6t ja palvelutalot<\/strong><\/a><\/div>\n<\/div>\n\n\n\n<div class=\"wp-block-buttons is-layout-flex wp-block-buttons-is-layout-flex\">\n<div class=\"wp-block-button has-custom-width wp-block-button__width-50\"><a class=\"wp-block-button__link has-background wp-element-button\" style=\"background-color:#273a4e\"><strong>Liiketilat ja hallit<\/strong><\/a><\/div>\n\n\n\n<div class=\"wp-block-button has-custom-width wp-block-button__width-50\"><a class=\"wp-block-button__link has-background wp-element-button\" style=\"background-color:#273a4e\"><strong>Yksityisasiakkaat<\/strong><\/a><\/div>\n<\/div>\n<\/div>\n\n\n\n<div style=\"height:20px\" aria-hidden=\"true\" class=\"wp-block-spacer\"><\/div>\n\n\n\n<div class=\"wp-block-cover alignfull is-style-default wp-duotone-unset-5\" style=\"border-style:none;border-width:0px;border-top-left-radius:0px;border-top-right-radius:0px;border-bottom-left-radius:0px;border-bottom-right-radius:0px;margin-top:0;margin-bottom:0;padding-top:0;padding-bottom:0;min-height:140px;aspect-ratio:unset;\"><img loading=\"lazy\" decoding=\"async\" width=\"1024\" height=\"503\" class=\"wp-block-cover__image-background wp-image-323 size-large\" alt=\"\" src=\"https:\/\/espoonivpuhdistus.fi\/wp-content\/uploads\/2026\/02\/espooniv_001-1024x503.jpg\" style=\"object-position:50% 70%\" data-object-fit=\"cover\" data-object-position=\"50% 70%\" srcset=\"https:\/\/espoonivpuhdistus.fi\/wp-content\/uploads\/2026\/02\/espooniv_001-1024x503.jpg 1024w, https:\/\/espoonivpuhdistus.fi\/wp-content\/uploads\/2026\/02\/espooniv_001-300x147.jpg 300w, https:\/\/espoonivpuhdistus.fi\/wp-content\/uploads\/2026\/02\/espooniv_001-768x377.jpg 768w, https:\/\/espoonivpuhdistus.fi\/wp-content\/uploads\/2026\/02\/espooniv_001-1536x754.jpg 1536w, https:\/\/espoonivpuhdistus.fi\/wp-content\/uploads\/2026\/02\/espooniv_001-2048x1006.jpg 2048w, https:\/\/espoonivpuhdistus.fi\/wp-content\/uploads\/2026\/02\/espooniv_001-18x9.jpg 18w\" sizes=\"auto, (max-width: 1024px) 100vw, 1024px\" \/><span aria-hidden=\"true\" class=\"wp-block-cover__background has-background-dim\" style=\"background-color:#273a4e\"><\/span><div class=\"wp-block-cover__inner-container has-global-padding is-layout-constrained wp-container-core-cover-is-layout-7753cb00 wp-block-cover-is-layout-constrained\">\n<p><\/p>\n<\/div><\/div>\n\n\n\n<div class=\"wp-block-cover alignfull is-light\" style=\"margin-top:0;margin-bottom:0;min-height:280px;aspect-ratio:unset;\"><img loading=\"lazy\" decoding=\"async\" width=\"1024\" height=\"512\" class=\"wp-block-cover__image-background wp-image-304 size-full\" alt=\"\" src=\"https:\/\/espoonivpuhdistus.fi\/wp-content\/uploads\/2026\/02\/bg-color_1.png\" data-object-fit=\"cover\" srcset=\"https:\/\/espoonivpuhdistus.fi\/wp-content\/uploads\/2026\/02\/bg-color_1.png 1024w, https:\/\/espoonivpuhdistus.fi\/wp-content\/uploads\/2026\/02\/bg-color_1-300x150.png 300w, https:\/\/espoonivpuhdistus.fi\/wp-content\/uploads\/2026\/02\/bg-color_1-768x384.png 768w, https:\/\/espoonivpuhdistus.fi\/wp-content\/uploads\/2026\/02\/bg-color_1-18x9.png 18w\" sizes=\"auto, (max-width: 1024px) 100vw, 1024px\" \/><span aria-hidden=\"true\" class=\"wp-block-cover__background has-background-dim\" style=\"background-color:#e4f2fb\"><\/span><div class=\"wp-block-cover__inner-container is-layout-flow wp-block-cover-is-layout-flow\">\n<h3 class=\"wp-block-heading alignwide has-text-align-center\">Miksi valita Espoon IV-puhdistus<\/h3>\n\n\n\n<div class=\"wp-block-group is-vertical is-content-justification-center is-layout-flex wp-container-core-group-is-layout-ce155fab wp-block-group-is-layout-flex\">\n<ul class=\"wp-block-list\">\n<li>Ammattimainen ja huolellinen toteutus<\/li>\n\n\n\n<li>Siisti ty\u00f6nj\u00e4lki<\/li>\n\n\n\n<li>Selke\u00e4 ja helppo tarjousprosessi<\/li>\n\n\n\n<li>Yksi toimija koko kokonaisuuteen<\/li>\n<\/ul>\n<\/div>\n<\/div><\/div>\n\n\n\n<div class=\"wp-block-buttons is-content-justification-center is-layout-flex wp-container-core-buttons-is-layout-a89b3969 wp-block-buttons-is-layout-flex\">\n<div class=\"wp-block-button\"><a class=\"wp-block-button__link has-background wp-element-button\" href=\"https:\/\/espoonivpuhdistus.fi\/en\/tarjouspyynto\/\" style=\"background-color:#ac2b48\"><strong>Pyyd\u00e4 tarjous<\/strong><\/a><\/div>\n<\/div>\n\n\n\n<div style=\"height:100px\" aria-hidden=\"true\" class=\"wp-block-spacer\"><\/div>","protected":false},"excerpt":{"rendered":"<p>Kenelle palvelumme sopii Palvelemme sek\u00e4 yksityisi\u00e4 ett\u00e4 yrityksi\u00e4 \u2013 pienist\u00e4 kohteista suuriin kokonaisuuksiin.<\/p>","protected":false},"author":1,"featured_media":0,"parent":0,"menu_order":0,"comment_status":"closed","ping_status":"closed","template":"no-title","meta":{"om_disable_all_campaigns":false,"_monsterinsights_skip_tracking":false,"_monsterinsights_sitenote_active":false,"_monsterinsights_sitenote_note":"","_monsterinsights_sitenote_category":0,"footnotes":""},"class_list":["post-59","page","type-page","status-publish","hentry"],"aioseo_notices":[],"_links":{"self":[{"href":"https:\/\/espoonivpuhdistus.fi\/en\/wp-json\/wp\/v2\/pages\/59","targetHints":{"allow":["GET"]}}],"collection":[{"href":"https:\/\/espoonivpuhdistus.fi\/en\/wp-json\/wp\/v2\/pages"}],"about":[{"href":"https:\/\/espoonivpuhdistus.fi\/en\/wp-json\/wp\/v2\/types\/page"}],"author":[{"embeddable":true,"href":"https:\/\/espoonivpuhdistus.fi\/en\/wp-json\/wp\/v2\/users\/1"}],"replies":[{"embeddable":true,"href":"https:\/\/espoonivpuhdistus.fi\/en\/wp-json\/wp\/v2\/comments?post=59"}],"version-history":[{"count":53,"href":"https:\/\/espoonivpuhdistus.fi\/en\/wp-json\/wp\/v2\/pages\/59\/revisions"}],"predecessor-version":[{"id":444,"href":"https:\/\/espoonivpuhdistus.fi\/en\/wp-json\/wp\/v2\/pages\/59\/revisions\/444"}],"wp:attachment":[{"href":"https:\/\/espoonivpuhdistus.fi\/en\/wp-json\/wp\/v2\/media?parent=59"}],"curies":[{"name":"wp","href":"https:\/\/api.w.org\/{rel}","templated":true}]}}